{"id":208,"date":"2025-11-24T06:28:02","date_gmt":"2025-11-24T06:28:02","guid":{"rendered":"https:\/\/heliosfashionstore.click\/?post_type=product&#038;p=208"},"modified":"2025-11-24T06:28:02","modified_gmt":"2025-11-24T06:28:02","slug":"heliosfashionstore-com-ao-thun-helios-halloween","status":"publish","type":"product","link":"https:\/\/heliosfashionstore.click\/?product=heliosfashionstore-com-ao-thun-helios-halloween","title":{"rendered":"\u00c1o thun Helios Halloween"},"content":{"rendered":"<p><span style=\"font-weight: 400;\">\u00c1o tr\u1eafng tinh gi\u1ea3n d\u1ec5 ph\u1ed1i \u0111\u1ed3, mang tinh th\u1ea7n tr\u1ebb trung v\u00e0 n\u0103ng \u0111\u1ed9ng. V\u1ea3i thun l\u1ea1nh m\u1ec1m m\u1ecbn, co gi\u00e3n nh\u1eb9, t\u1ea1o c\u1ea3m gi\u00e1c tho\u1ea3i m\u00e1i c\u1ea3 ng\u00e0y. H\u1ecda ti\u1ebft in b\u1ec1n m\u00e0u, kh\u00f4ng bong tr\u00f3c sau nhi\u1ec1u l\u1ea7n gi\u1eb7t. L\u00fd t\u01b0\u1edfng cho c\u00e1c b\u1ea1n h\u1ecdc sinh \u2013 sinh vi\u00ean y\u00eau phong c\u00e1ch t\u1ed1i gi\u1ea3n m\u00e0 v\u1eabn n\u1ed5i b\u1eadt<\/span><\/p>\n","protected":false},"excerpt":{"rendered":"<p>\u00c1o tr\u1eafng tinh gi\u1ea3n d\u1ec5 ph\u1ed1i \u0111\u1ed3, mang tinh th\u1ea7n tr\u1ebb trung v\u00e0 n\u0103ng \u0111\u1ed9ng. V\u1ea3i thun l\u1ea1nh m\u1ec1m m\u1ecbn, co gi\u00e3n nh\u1eb9, t\u1ea1o c\u1ea3m gi\u00e1c tho\u1ea3i m\u00e1i c\u1ea3 ng\u00e0y. H\u1ecda ti\u1ebft in b\u1ec1n m\u00e0u, kh\u00f4ng bong tr\u00f3c sau nhi\u1ec1u l\u1ea7n gi\u1eb7t. L\u00fd t\u01b0\u1edfng cho c\u00e1c b\u1ea1n h\u1ecdc sinh \u2013 sinh vi\u00ean y\u00eau phong c\u00e1ch&#8230;<\/p>\n","protected":false},"featured_media":159,"comment_status":"open","ping_status":"closed","template":"","meta":[],"product_brand":[],"product_cat":[15],"product_tag":[22],"class_list":{"0":"post-208","1":"product","2":"type-product","3":"status-publish","4":"has-post-thumbnail","6":"product_cat-uncategorized","7":"product_tag-ao-thun","9":"first","10":"instock","11":"sale","12":"shipping-taxable","13":"purchasable","14":"product-type-simple"},"yoast_head":"<!-- This site is optimized with the Yoast SEO plugin v26.3 - https:\/\/yoast.com\/wordpress\/plugins\/seo\/ -->\n<title>\u00c1o thun Helios Halloween - Helios fashion store<\/title>\n<meta name=\"description\" content=\"\u00c1o tr\u1eafng tinh gi\u1ea3n d\u1ec5 ph\u1ed1i \u0111\u1ed3, mang tinh th\u1ea7n tr\u1ebb trung v\u00e0 n\u0103ng \u0111\u1ed9ng. V\u1ea3i thun l\u1ea1nh m\u1ec1m m\u1ecbn, co gi\u00e3n nh\u1eb9, t\u1ea1o c\u1ea3m gi\u00e1c tho\u1ea3i m\u00e1i c\u1ea3 ng\u00e0y. H\u1ecda ti\u1ebft in b\u1ec1n m\u00e0u, kh\u00f4ng bong tr\u00f3c sau nhi\u1ec1u l\u1ea7n gi\u1eb7t. L\u00fd t\u01b0\u1edfng cho c\u00e1c b\u1ea1n h\u1ecdc sinh \u2013 sinh vi\u00ean y\u00eau phong c\u00e1ch t\u1ed1i gi\u1ea3n m\u00e0 v\u1eabn n\u1ed5i b\u1eadt\" \/>\n<meta name=\"robots\" content=\"index, follow, max-snippet:-1, max-image-preview:large, max-video-preview:-1\" \/>\n<link rel=\"canonical\" href=\"https:\/\/heliosfashionstore.click\/?product=heliosfashionstore-com-ao-thun-helios-halloween\" \/>\n<meta property=\"og:locale\" content=\"vi_VN\" \/>\n<meta property=\"og:type\" content=\"article\" \/>\n<meta property=\"og:title\" content=\"\u00c1o thun Helios Halloween - Helios fashion store\" \/>\n<meta property=\"og:description\" content=\"\u00c1o tr\u1eafng tinh gi\u1ea3n d\u1ec5 ph\u1ed1i \u0111\u1ed3, mang tinh th\u1ea7n tr\u1ebb trung v\u00e0 n\u0103ng \u0111\u1ed9ng. V\u1ea3i thun l\u1ea1nh m\u1ec1m m\u1ecbn, co gi\u00e3n nh\u1eb9, t\u1ea1o c\u1ea3m gi\u00e1c tho\u1ea3i m\u00e1i c\u1ea3 ng\u00e0y. H\u1ecda ti\u1ebft in b\u1ec1n m\u00e0u, kh\u00f4ng bong tr\u00f3c sau nhi\u1ec1u l\u1ea7n gi\u1eb7t. L\u00fd t\u01b0\u1edfng cho c\u00e1c b\u1ea1n h\u1ecdc sinh \u2013 sinh vi\u00ean y\u00eau phong c\u00e1ch t\u1ed1i gi\u1ea3n m\u00e0 v\u1eabn n\u1ed5i b\u1eadt\" \/>\n<meta property=\"og:url\" content=\"https:\/\/heliosfashionstore.click\/?product=heliosfashionstore-com-ao-thun-helios-halloween\" \/>\n<meta property=\"og:site_name\" content=\"Helios fashion store\" \/>\n<meta property=\"og:image\" content=\"https:\/\/heliosfashionstore.click\/wp-content\/uploads\/2025\/11\/image-40.png\" \/>\n\t<meta property=\"og:image:width\" content=\"482\" \/>\n\t<meta property=\"og:image:height\" content=\"492\" \/>\n\t<meta property=\"og:image:type\" content=\"image\/png\" \/>\n<meta name=\"twitter:card\" content=\"summary_large_image\" \/>\n<meta name=\"twitter:label1\" content=\"\u01af\u1edbc t\u00ednh th\u1eddi gian \u0111\u1ecdc\" \/>\n\t<meta name=\"twitter:data1\" content=\"1 ph\u00fat\" \/>\n<script type=\"application\/ld+json\" class=\"yoast-schema-graph\">{\"@context\":\"https:\/\/schema.org\",\"@graph\":[{\"@type\":\"WebPage\",\"@id\":\"https:\/\/heliosfashionstore.click\/?product=heliosfashionstore-com-ao-thun-helios-halloween\",\"url\":\"https:\/\/heliosfashionstore.click\/?product=heliosfashionstore-com-ao-thun-helios-halloween\",\"name\":\"\u00c1o thun Helios Halloween - Helios fashion store\",\"isPartOf\":{\"@id\":\"https:\/\/heliosfashionstore.click\/#website\"},\"primaryImageOfPage\":{\"@id\":\"https:\/\/heliosfashionstore.click\/?product=heliosfashionstore-com-ao-thun-helios-halloween#primaryimage\"},\"image\":{\"@id\":\"https:\/\/heliosfashionstore.click\/?product=heliosfashionstore-com-ao-thun-helios-halloween#primaryimage\"},\"thumbnailUrl\":\"https:\/\/heliosfashionstore.click\/wp-content\/uploads\/2025\/11\/image-40.png\",\"datePublished\":\"2025-11-24T06:28:02+00:00\",\"description\":\"\u00c1o tr\u1eafng tinh gi\u1ea3n d\u1ec5 ph\u1ed1i \u0111\u1ed3, mang tinh th\u1ea7n tr\u1ebb trung v\u00e0 n\u0103ng \u0111\u1ed9ng. V\u1ea3i thun l\u1ea1nh m\u1ec1m m\u1ecbn, co gi\u00e3n nh\u1eb9, t\u1ea1o c\u1ea3m gi\u00e1c tho\u1ea3i m\u00e1i c\u1ea3 ng\u00e0y. H\u1ecda ti\u1ebft in b\u1ec1n m\u00e0u, kh\u00f4ng bong tr\u00f3c sau nhi\u1ec1u l\u1ea7n gi\u1eb7t. L\u00fd t\u01b0\u1edfng cho c\u00e1c b\u1ea1n h\u1ecdc sinh \u2013 sinh vi\u00ean y\u00eau phong c\u00e1ch t\u1ed1i gi\u1ea3n m\u00e0 v\u1eabn n\u1ed5i b\u1eadt\",\"breadcrumb\":{\"@id\":\"https:\/\/heliosfashionstore.click\/?product=heliosfashionstore-com-ao-thun-helios-halloween#breadcrumb\"},\"inLanguage\":\"vi\",\"potentialAction\":[{\"@type\":\"ReadAction\",\"target\":[\"https:\/\/heliosfashionstore.click\/?product=heliosfashionstore-com-ao-thun-helios-halloween\"]}]},{\"@type\":\"ImageObject\",\"inLanguage\":\"vi\",\"@id\":\"https:\/\/heliosfashionstore.click\/?product=heliosfashionstore-com-ao-thun-helios-halloween#primaryimage\",\"url\":\"https:\/\/heliosfashionstore.click\/wp-content\/uploads\/2025\/11\/image-40.png\",\"contentUrl\":\"https:\/\/heliosfashionstore.click\/wp-content\/uploads\/2025\/11\/image-40.png\",\"width\":482,\"height\":492},{\"@type\":\"BreadcrumbList\",\"@id\":\"https:\/\/heliosfashionstore.click\/?product=heliosfashionstore-com-ao-thun-helios-halloween#breadcrumb\",\"itemListElement\":[{\"@type\":\"ListItem\",\"position\":1,\"name\":\"Trang ch\u1ee7\",\"item\":\"https:\/\/heliosfashionstore.click\/\"},{\"@type\":\"ListItem\",\"position\":2,\"name\":\"C\u1eeda h\u00e0ng\",\"item\":\"https:\/\/heliosfashionstore.click\/?page_id=8\"},{\"@type\":\"ListItem\",\"position\":3,\"name\":\"\u00c1o thun Helios Halloween\"}]},{\"@type\":\"WebSite\",\"@id\":\"https:\/\/heliosfashionstore.click\/#website\",\"url\":\"https:\/\/heliosfashionstore.click\/\",\"name\":\"Helios fashion store\",\"description\":\"\",\"publisher\":{\"@id\":\"https:\/\/heliosfashionstore.click\/#organization\"},\"potentialAction\":[{\"@type\":\"SearchAction\",\"target\":{\"@type\":\"EntryPoint\",\"urlTemplate\":\"https:\/\/heliosfashionstore.click\/?s={search_term_string}\"},\"query-input\":{\"@type\":\"PropertyValueSpecification\",\"valueRequired\":true,\"valueName\":\"search_term_string\"}}],\"inLanguage\":\"vi\"},{\"@type\":\"Organization\",\"@id\":\"https:\/\/heliosfashionstore.click\/#organization\",\"name\":\"Helios fashion store\",\"url\":\"https:\/\/heliosfashionstore.click\/\",\"logo\":{\"@type\":\"ImageObject\",\"inLanguage\":\"vi\",\"@id\":\"https:\/\/heliosfashionstore.click\/#\/schema\/logo\/image\/\",\"url\":\"https:\/\/heliosfashionstore.click\/wp-content\/uploads\/2025\/11\/Black-and-Grey-Fashion-Logo-2-edited-1.png\",\"contentUrl\":\"https:\/\/heliosfashionstore.click\/wp-content\/uploads\/2025\/11\/Black-and-Grey-Fashion-Logo-2-edited-1.png\",\"width\":424,\"height\":424,\"caption\":\"Helios fashion store\"},\"image\":{\"@id\":\"https:\/\/heliosfashionstore.click\/#\/schema\/logo\/image\/\"}}]}<\/script>\n<!-- \/ Yoast SEO plugin. -->","yoast_head_json":{"title":"\u00c1o thun Helios Halloween - Helios fashion store","description":"\u00c1o tr\u1eafng tinh gi\u1ea3n d\u1ec5 ph\u1ed1i \u0111\u1ed3, mang tinh th\u1ea7n tr\u1ebb trung v\u00e0 n\u0103ng \u0111\u1ed9ng. V\u1ea3i thun l\u1ea1nh m\u1ec1m m\u1ecbn, co gi\u00e3n nh\u1eb9, t\u1ea1o c\u1ea3m gi\u00e1c tho\u1ea3i m\u00e1i c\u1ea3 ng\u00e0y. H\u1ecda ti\u1ebft in b\u1ec1n m\u00e0u, kh\u00f4ng bong tr\u00f3c sau nhi\u1ec1u l\u1ea7n gi\u1eb7t. L\u00fd t\u01b0\u1edfng cho c\u00e1c b\u1ea1n h\u1ecdc sinh \u2013 sinh vi\u00ean y\u00eau phong c\u00e1ch t\u1ed1i gi\u1ea3n m\u00e0 v\u1eabn n\u1ed5i b\u1eadt","robots":{"index":"index","follow":"follow","max-snippet":"max-snippet:-1","max-image-preview":"max-image-preview:large","max-video-preview":"max-video-preview:-1"},"canonical":"https:\/\/heliosfashionstore.click\/?product=heliosfashionstore-com-ao-thun-helios-halloween","og_locale":"vi_VN","og_type":"article","og_title":"\u00c1o thun Helios Halloween - Helios fashion store","og_description":"\u00c1o tr\u1eafng tinh gi\u1ea3n d\u1ec5 ph\u1ed1i \u0111\u1ed3, mang tinh th\u1ea7n tr\u1ebb trung v\u00e0 n\u0103ng \u0111\u1ed9ng. V\u1ea3i thun l\u1ea1nh m\u1ec1m m\u1ecbn, co gi\u00e3n nh\u1eb9, t\u1ea1o c\u1ea3m gi\u00e1c tho\u1ea3i m\u00e1i c\u1ea3 ng\u00e0y. H\u1ecda ti\u1ebft in b\u1ec1n m\u00e0u, kh\u00f4ng bong tr\u00f3c sau nhi\u1ec1u l\u1ea7n gi\u1eb7t. L\u00fd t\u01b0\u1edfng cho c\u00e1c b\u1ea1n h\u1ecdc sinh \u2013 sinh vi\u00ean y\u00eau phong c\u00e1ch t\u1ed1i gi\u1ea3n m\u00e0 v\u1eabn n\u1ed5i b\u1eadt","og_url":"https:\/\/heliosfashionstore.click\/?product=heliosfashionstore-com-ao-thun-helios-halloween","og_site_name":"Helios fashion store","og_image":[{"width":482,"height":492,"url":"https:\/\/heliosfashionstore.click\/wp-content\/uploads\/2025\/11\/image-40.png","type":"image\/png"}],"twitter_card":"summary_large_image","twitter_misc":{"\u01af\u1edbc t\u00ednh th\u1eddi gian \u0111\u1ecdc":"1 ph\u00fat"},"schema":{"@context":"https:\/\/schema.org","@graph":[{"@type":"WebPage","@id":"https:\/\/heliosfashionstore.click\/?product=heliosfashionstore-com-ao-thun-helios-halloween","url":"https:\/\/heliosfashionstore.click\/?product=heliosfashionstore-com-ao-thun-helios-halloween","name":"\u00c1o thun Helios Halloween - Helios fashion store","isPartOf":{"@id":"https:\/\/heliosfashionstore.click\/#website"},"primaryImageOfPage":{"@id":"https:\/\/heliosfashionstore.click\/?product=heliosfashionstore-com-ao-thun-helios-halloween#primaryimage"},"image":{"@id":"https:\/\/heliosfashionstore.click\/?product=heliosfashionstore-com-ao-thun-helios-halloween#primaryimage"},"thumbnailUrl":"https:\/\/heliosfashionstore.click\/wp-content\/uploads\/2025\/11\/image-40.png","datePublished":"2025-11-24T06:28:02+00:00","description":"\u00c1o tr\u1eafng tinh gi\u1ea3n d\u1ec5 ph\u1ed1i \u0111\u1ed3, mang tinh th\u1ea7n tr\u1ebb trung v\u00e0 n\u0103ng \u0111\u1ed9ng. V\u1ea3i thun l\u1ea1nh m\u1ec1m m\u1ecbn, co gi\u00e3n nh\u1eb9, t\u1ea1o c\u1ea3m gi\u00e1c tho\u1ea3i m\u00e1i c\u1ea3 ng\u00e0y. H\u1ecda ti\u1ebft in b\u1ec1n m\u00e0u, kh\u00f4ng bong tr\u00f3c sau nhi\u1ec1u l\u1ea7n gi\u1eb7t. L\u00fd t\u01b0\u1edfng cho c\u00e1c b\u1ea1n h\u1ecdc sinh \u2013 sinh vi\u00ean y\u00eau phong c\u00e1ch t\u1ed1i gi\u1ea3n m\u00e0 v\u1eabn n\u1ed5i b\u1eadt","breadcrumb":{"@id":"https:\/\/heliosfashionstore.click\/?product=heliosfashionstore-com-ao-thun-helios-halloween#breadcrumb"},"inLanguage":"vi","potentialAction":[{"@type":"ReadAction","target":["https:\/\/heliosfashionstore.click\/?product=heliosfashionstore-com-ao-thun-helios-halloween"]}]},{"@type":"ImageObject","inLanguage":"vi","@id":"https:\/\/heliosfashionstore.click\/?product=heliosfashionstore-com-ao-thun-helios-halloween#primaryimage","url":"https:\/\/heliosfashionstore.click\/wp-content\/uploads\/2025\/11\/image-40.png","contentUrl":"https:\/\/heliosfashionstore.click\/wp-content\/uploads\/2025\/11\/image-40.png","width":482,"height":492},{"@type":"BreadcrumbList","@id":"https:\/\/heliosfashionstore.click\/?product=heliosfashionstore-com-ao-thun-helios-halloween#breadcrumb","itemListElement":[{"@type":"ListItem","position":1,"name":"Trang ch\u1ee7","item":"https:\/\/heliosfashionstore.click\/"},{"@type":"ListItem","position":2,"name":"C\u1eeda h\u00e0ng","item":"https:\/\/heliosfashionstore.click\/?page_id=8"},{"@type":"ListItem","position":3,"name":"\u00c1o thun Helios Halloween"}]},{"@type":"WebSite","@id":"https:\/\/heliosfashionstore.click\/#website","url":"https:\/\/heliosfashionstore.click\/","name":"Helios fashion store","description":"","publisher":{"@id":"https:\/\/heliosfashionstore.click\/#organization"},"potentialAction":[{"@type":"SearchAction","target":{"@type":"EntryPoint","urlTemplate":"https:\/\/heliosfashionstore.click\/?s={search_term_string}"},"query-input":{"@type":"PropertyValueSpecification","valueRequired":true,"valueName":"search_term_string"}}],"inLanguage":"vi"},{"@type":"Organization","@id":"https:\/\/heliosfashionstore.click\/#organization","name":"Helios fashion store","url":"https:\/\/heliosfashionstore.click\/","logo":{"@type":"ImageObject","inLanguage":"vi","@id":"https:\/\/heliosfashionstore.click\/#\/schema\/logo\/image\/","url":"https:\/\/heliosfashionstore.click\/wp-content\/uploads\/2025\/11\/Black-and-Grey-Fashion-Logo-2-edited-1.png","contentUrl":"https:\/\/heliosfashionstore.click\/wp-content\/uploads\/2025\/11\/Black-and-Grey-Fashion-Logo-2-edited-1.png","width":424,"height":424,"caption":"Helios fashion store"},"image":{"@id":"https:\/\/heliosfashionstore.click\/#\/schema\/logo\/image\/"}}]}},"jetpack_sharing_enabled":true,"jetpack-related-posts":[{"id":155,"url":"https:\/\/heliosfashionstore.click\/?product=ao-thun-helios-marine-life","url_meta":{"origin":208,"position":0},"title":"\u00c1o thun Helios Marine Life","author":"jayizde77","date":"Th\u00e1ng m\u01b0\u1eddi m\u1ed9t 17, 2025","format":false,"excerpt":"\u00c1o tr\u1eafng tinh gi\u1ea3n d\u1ec5 ph\u1ed1i \u0111\u1ed3, mang tinh th\u1ea7n tr\u1ebb trung v\u00e0 n\u0103ng \u0111\u1ed9ng. V\u1ea3i thun l\u1ea1nh m\u1ec1m m\u1ecbn, co gi\u00e3n nh\u1eb9, t\u1ea1o c\u1ea3m gi\u00e1c tho\u1ea3i m\u00e1i c\u1ea3 ng\u00e0y. H\u1ecda ti\u1ebft in b\u1ec1n m\u00e0u, kh\u00f4ng bong tr\u00f3c sau nhi\u1ec1u l\u1ea7n gi\u1eb7t. L\u00fd t\u01b0\u1edfng cho c\u00e1c b\u1ea1n h\u1ecdc sinh \u2013\u2026","rel":"","context":"B\u00e0i t\u01b0\u01a1ng t\u1ef1","block_context":{"text":"B\u00e0i t\u01b0\u01a1ng t\u1ef1","link":""},"img":{"alt_text":"","src":"https:\/\/i0.wp.com\/heliosfashionstore.click\/wp-content\/uploads\/2025\/11\/image-29.png?resize=350%2C200&ssl=1","width":350,"height":200,"srcset":"https:\/\/i0.wp.com\/heliosfashionstore.click\/wp-content\/uploads\/2025\/11\/image-29.png?resize=350%2C200&ssl=1 1x, https:\/\/i0.wp.com\/heliosfashionstore.click\/wp-content\/uploads\/2025\/11\/image-29.png?resize=525%2C300&ssl=1 1.5x"},"classes":[]},{"id":154,"url":"https:\/\/heliosfashionstore.click\/?product=heliosfashionstore-com-ao-thun-helios-vit-trang","url_meta":{"origin":208,"position":1},"title":"\u00c1o Thun Helios White Duck","author":"jayizde77","date":"Th\u00e1ng m\u01b0\u1eddi m\u1ed9t 17, 2025","format":false,"excerpt":"Ch\u1ea5t li\u1ec7u cotton, co gi\u00e3n 4 chi\u1ec1u gi\u00fap ng\u01b0\u1eddi m\u1eb7c lu\u00f4n tho\u1ea3i m\u00e1i v\u00e0 tho\u00e1ng m\u00e1t. H\u00ecnh in v\u1ecbt \u0111\u00e1ng y\u00eau mang \u0111\u1eadm phong c\u00e1ch tr\u1ebb trung, d\u1ec5 th\u01b0\u01a1ng. Thi\u1ebft k\u1ebf unisex ph\u00f9 h\u1ee3p cho c\u1ea3 nam v\u00e0 n\u1eef, d\u1ec5 ph\u1ed1i c\u00f9ng qu\u1ea7n jean ho\u1eb7c ch\u00e2n v\u00e1y. Th\u00edch h\u1ee3p m\u1eb7c\u2026","rel":"","context":"B\u00e0i t\u01b0\u01a1ng t\u1ef1","block_context":{"text":"B\u00e0i t\u01b0\u01a1ng t\u1ef1","link":""},"img":{"alt_text":"","src":"https:\/\/i0.wp.com\/heliosfashionstore.click\/wp-content\/uploads\/2025\/11\/Capture-3.png?resize=350%2C200&ssl=1","width":350,"height":200,"srcset":"https:\/\/i0.wp.com\/heliosfashionstore.click\/wp-content\/uploads\/2025\/11\/Capture-3.png?resize=350%2C200&ssl=1 1x, https:\/\/i0.wp.com\/heliosfashionstore.click\/wp-content\/uploads\/2025\/11\/Capture-3.png?resize=525%2C300&ssl=1 1.5x"},"classes":[]},{"id":146,"url":"https:\/\/heliosfashionstore.click\/?product=heliosfashionstore-com-ao-thun-helios-vit-den","url_meta":{"origin":208,"position":2},"title":"\u00c1o Thun Helios Black Duck","author":"jayizde77","date":"Th\u00e1ng m\u01b0\u1eddi m\u1ed9t 17, 2025","format":false,"excerpt":"","rel":"","context":"V\u1edbi 1 b\u00ecnh lu\u1eadn","block_context":{"text":"V\u1edbi 1 b\u00ecnh lu\u1eadn","link":"https:\/\/heliosfashionstore.click\/?product=heliosfashionstore-com-ao-thun-helios-vit-den#comments"},"img":{"alt_text":"","src":"https:\/\/i0.wp.com\/heliosfashionstore.click\/wp-content\/uploads\/2025\/11\/image-28.png?resize=350%2C200&ssl=1","width":350,"height":200,"srcset":"https:\/\/i0.wp.com\/heliosfashionstore.click\/wp-content\/uploads\/2025\/11\/image-28.png?resize=350%2C200&ssl=1 1x, https:\/\/i0.wp.com\/heliosfashionstore.click\/wp-content\/uploads\/2025\/11\/image-28.png?resize=525%2C300&ssl=1 1.5x"},"classes":[]},{"id":170,"url":"https:\/\/heliosfashionstore.click\/?product=hoodie-helios-trang-hoa-tiet-vit-cam-gay","url_meta":{"origin":208,"position":3},"title":"Hoodie Helios tr\u1eafng h\u1ecda ti\u1ebft  v\u1ecbt c\u1ea7m g\u1eady","author":"jayizde77","date":"Th\u00e1ng m\u01b0\u1eddi m\u1ed9t 21, 2025","format":false,"excerpt":"m\u1eabu \u00e1o unisex \u0111\u01b0\u1ee3c thi\u1ebft k\u1ebf theo phong c\u00e1ch tr\u1ebb trung v\u00e0 h\u00e0i h\u01b0\u1edbc, ph\u00f9 h\u1ee3p v\u1edbi nh\u1eefng b\u1ea1n th\u00edch s\u1ef1 tho\u1ea3i m\u00e1i nh\u01b0ng v\u1eabn mu\u1ed1n t\u1ea1o \u0111i\u1ec3m nh\u1ea5n c\u00e1 t\u00ednh. M\u1eb7t tr\u01b0\u1edbc \u00e1o in logo Helios Fashion Store v\u1edbi h\u00ecnh m\u00f3c treo t\u1ed1i gi\u1ea3n, t\u1ea1o c\u1ea3m gi\u00e1c hi\u1ec7n \u0111\u1ea1i\u2026","rel":"","context":"B\u00e0i t\u01b0\u01a1ng t\u1ef1","block_context":{"text":"B\u00e0i t\u01b0\u01a1ng t\u1ef1","link":""},"img":{"alt_text":"","src":"https:\/\/i0.wp.com\/heliosfashionstore.click\/wp-content\/uploads\/2025\/11\/Capture.png?resize=350%2C200&ssl=1","width":350,"height":200,"srcset":"https:\/\/i0.wp.com\/heliosfashionstore.click\/wp-content\/uploads\/2025\/11\/Capture.png?resize=350%2C200&ssl=1 1x, https:\/\/i0.wp.com\/heliosfashionstore.click\/wp-content\/uploads\/2025\/11\/Capture.png?resize=525%2C300&ssl=1 1.5x, https:\/\/i0.wp.com\/heliosfashionstore.click\/wp-content\/uploads\/2025\/11\/Capture.png?resize=700%2C400&ssl=1 2x"},"classes":[]},{"id":209,"url":"https:\/\/heliosfashionstore.click\/?product=heliosfashionstore-com-ao-hoodie-helios-xam-hoa-tiet-con-ech","url_meta":{"origin":208,"position":4},"title":"Hoodie Fashion Store X\u00e1m H\u1ecda Ti\u1ebft Con \u1ebech","author":"jayizde77","date":"Th\u00e1ng m\u01b0\u1eddi m\u1ed9t 24, 2025","format":false,"excerpt":"L\u00e0m t\u1eeb n\u1ec9 b\u00f4ng, gi\u1eef \u1ea5m t\u1ed1t nh\u01b0ng v\u1eabn tho\u00e1ng kh\u00ed. Thi\u1ebft k\u1ebf unisex \u0111\u01a1n gi\u1ea3n v\u1edbi d\u00f2ng ch\u1eef \u201cFashion Score\u201d in n\u1ed5i b\u1eadt ph\u00eda tr\u01b0\u1edbc v\u00e0 h\u1ecda ti\u1ebft con \u1ebfch in \u1edf ph\u00eda sau. Ph\u00f9 h\u1ee3p cho h\u1ecdc sinh, sinh vi\u00ean ho\u1eb7c \u0111i ch\u01a1i cu\u1ed1i tu\u1ea7n","rel":"","context":"B\u00e0i t\u01b0\u01a1ng t\u1ef1","block_context":{"text":"B\u00e0i t\u01b0\u01a1ng t\u1ef1","link":""},"img":{"alt_text":"","src":"https:\/\/i0.wp.com\/heliosfashionstore.click\/wp-content\/uploads\/2025\/11\/image-41.png?resize=350%2C200&ssl=1","width":350,"height":200,"srcset":"https:\/\/i0.wp.com\/heliosfashionstore.click\/wp-content\/uploads\/2025\/11\/image-41.png?resize=350%2C200&ssl=1 1x, https:\/\/i0.wp.com\/heliosfashionstore.click\/wp-content\/uploads\/2025\/11\/image-41.png?resize=525%2C300&ssl=1 1.5x, https:\/\/i0.wp.com\/heliosfashionstore.click\/wp-content\/uploads\/2025\/11\/image-41.png?resize=700%2C400&ssl=1 2x"},"classes":[]},{"id":221,"url":"https:\/\/heliosfashionstore.click\/?product=heliosfashionstore-com-ao-hoodie-helios-halloween","url_meta":{"origin":208,"position":5},"title":"Hoodie Helios Halloween","author":"jayizde77","date":"Th\u00e1ng m\u01b0\u1eddi m\u1ed9t 24, 2025","format":false,"excerpt":"Phi\u00ean b\u1ea3n \u0111\u1eb7c bi\u1ec7t l\u1ea5y c\u1ea3m h\u1ee9ng t\u1eeb Halloween v\u1edbi h\u1ecda ti\u1ebft ma cute \u0111\u1ed9c \u0111\u00e1o. Ch\u1ea5t li\u1ec7u n\u1ec9 d\u00e0y, \u1ea5m \u00e1p, b\u1ec1 m\u1eb7t m\u1ecbn, h\u1ea1n ch\u1ebf x\u00f9 l\u00f4ng. Thi\u1ebft k\u1ebf form r\u1ed9ng, m\u0169 to gi\u00fap t\u1ed5ng th\u1ec3 th\u00eam ph\u1ea7n c\u00e1 t\u00ednh. D\u00e0nh cho c\u00e1c b\u1ea1n tr\u1ebb y\u00eau th\u00edch phong\u2026","rel":"","context":"B\u00e0i t\u01b0\u01a1ng t\u1ef1","block_context":{"text":"B\u00e0i t\u01b0\u01a1ng t\u1ef1","link":""},"img":{"alt_text":"","src":"https:\/\/i0.wp.com\/heliosfashionstore.click\/wp-content\/uploads\/2025\/11\/image-45.png?resize=350%2C200&ssl=1","width":350,"height":200,"srcset":"https:\/\/i0.wp.com\/heliosfashionstore.click\/wp-content\/uploads\/2025\/11\/image-45.png?resize=350%2C200&ssl=1 1x, https:\/\/i0.wp.com\/heliosfashionstore.click\/wp-content\/uploads\/2025\/11\/image-45.png?resize=525%2C300&ssl=1 1.5x, https:\/\/i0.wp.com\/heliosfashionstore.click\/wp-content\/uploads\/2025\/11\/image-45.png?resize=700%2C400&ssl=1 2x"},"classes":[]}],"_links":{"self":[{"href":"https:\/\/heliosfashionstore.click\/index.php?rest_route=\/wp\/v2\/product\/208","targetHints":{"allow":["GET"]}}],"collection":[{"href":"https:\/\/heliosfashionstore.click\/index.php?rest_route=\/wp\/v2\/product"}],"about":[{"href":"https:\/\/heliosfashionstore.click\/index.php?rest_route=\/wp\/v2\/types\/product"}],"replies":[{"embeddable":true,"href":"https:\/\/heliosfashionstore.click\/index.php?rest_route=%2Fwp%2Fv2%2Fcomments&post=208"}],"wp:featuredmedia":[{"embeddable":true,"href":"https:\/\/heliosfashionstore.click\/index.php?rest_route=\/wp\/v2\/media\/159"}],"wp:attachment":[{"href":"https:\/\/heliosfashionstore.click\/index.php?rest_route=%2Fwp%2Fv2%2Fmedia&parent=208"}],"wp:term":[{"taxonomy":"product_brand","embeddable":true,"href":"https:\/\/heliosfashionstore.click\/index.php?rest_route=%2Fwp%2Fv2%2Fproduct_brand&post=208"},{"taxonomy":"product_cat","embeddable":true,"href":"https:\/\/heliosfashionstore.click\/index.php?rest_route=%2Fwp%2Fv2%2Fproduct_cat&post=208"},{"taxonomy":"product_tag","embeddable":true,"href":"https:\/\/heliosfashionstore.click\/index.php?rest_route=%2Fwp%2Fv2%2Fproduct_tag&post=208"}],"curies":[{"name":"wp","href":"https:\/\/api.w.org\/{rel}","templated":true}]}}