{"id":146,"date":"2025-11-17T08:01:08","date_gmt":"2025-11-17T08:01:08","guid":{"rendered":"https:\/\/heliosfashionstore.click\/?post_type=product&#038;p=146"},"modified":"2025-11-23T13:44:06","modified_gmt":"2025-11-23T13:44:06","slug":"heliosfashionstore-com-ao-thun-helios-vit-den","status":"publish","type":"product","link":"https:\/\/heliosfashionstore.click\/?product=heliosfashionstore-com-ao-thun-helios-vit-den","title":{"rendered":"\u00c1o Thun Helios Black Duck"},"content":{"rendered":"<table>\n<tbody>\n<tr>\n<td><span style=\"font-weight: 400;\">\u00c1o thun t\u00f4ng \u0111en c\u00e1 t\u00ednh, ph\u1ed1i h\u1ecda ti\u1ebft v\u1ecbt n\u1ed5i b\u1eadt t\u1ea1o \u0111i\u1ec3m nh\u1ea5n h\u00e0i h\u01b0\u1edbc. Form r\u1ed9ng, tay l\u1ee1 ph\u00f9 h\u1ee3p phong c\u00e1ch streetwear n\u0103ng \u0111\u1ed9ng. V\u1ea3i cotton m\u1ecbn, th\u1ea5m h\u00fat m\u1ed3 h\u00f4i t\u1ed1t, ph\u00f9 h\u1ee3p v\u1edbi kh\u00ed h\u1eadu Vi\u1ec7t Nam. Ph\u1ed1i c\u00f9ng qu\u1ea7n short ho\u1eb7c jogger \u0111\u1ec1u r\u1ea5t h\u1ee3p gu gi\u1edbi tr\u1ebb.<\/span><\/td>\n<\/tr>\n<\/tbody>\n<\/table>\n","protected":false},"excerpt":{"rendered":"[contact-form][contact-field label=\"T\u00ean\" type=\"name\"  required=\"true\" \/][contact-field label=\"Th\u01b0 \u0111i\u1ec7n t\u1eed\" type=\"email\" required=\"true\" \/][contact-field label=\"Trang web\" type=\"url\" \/][contact-field label=\"Tin nh\u1eafn\" type=\"textarea\" \/][\/contact-form]\n","protected":false},"featured_media":128,"comment_status":"open","ping_status":"closed","template":"","meta":[],"product_brand":[],"product_cat":[15],"product_tag":[22],"class_list":{"0":"post-146","1":"product","2":"type-product","3":"status-publish","4":"has-post-thumbnail","6":"product_cat-uncategorized","7":"product_tag-ao-thun","8":"pa_size-2xl","9":"pa_size-3xl","10":"pa_size-l","11":"pa_size-m","12":"pa_size-s","13":"pa_size-xl","15":"first","16":"instock","17":"sale","18":"shipping-taxable","19":"purchasable","20":"product-type-variable"},"yoast_head":"<!-- This site is optimized with the Yoast SEO plugin v26.3 - https:\/\/yoast.com\/wordpress\/plugins\/seo\/ -->\n<title>\u00c1o Thun Helios Black Duck - Helios fashion store<\/title>\n<meta name=\"description\" content=\"&quot;\u00c1o thun Helios V\u1ecbt \u0110en phong c\u00e1ch n\u0103ng \u0111\u1ed9ng, thi\u1ebft k\u1ebf \u0111\u1ed9c quy\u1ec1n, v\u1ea3i tho\u00e1ng m\u00e1t v\u00e0 c\u1ef1c k\u1ef3 d\u1ec5 m\u1eb7c cho m\u1ecdi ho\u1ea1t \u0111\u1ed9ng.&quot;\" \/>\n<meta name=\"robots\" content=\"index, follow, max-snippet:-1, max-image-preview:large, max-video-preview:-1\" \/>\n<link rel=\"canonical\" href=\"https:\/\/heliosfashionstore.click\/?product=heliosfashionstore-com-ao-thun-helios-vit-den\" \/>\n<meta property=\"og:locale\" content=\"vi_VN\" \/>\n<meta property=\"og:type\" content=\"article\" \/>\n<meta property=\"og:title\" content=\"\u00c1o Thun Helios Black Duck - Helios fashion store\" \/>\n<meta property=\"og:description\" content=\"&quot;\u00c1o thun Helios V\u1ecbt \u0110en phong c\u00e1ch n\u0103ng \u0111\u1ed9ng, thi\u1ebft k\u1ebf \u0111\u1ed9c quy\u1ec1n, v\u1ea3i tho\u00e1ng m\u00e1t v\u00e0 c\u1ef1c k\u1ef3 d\u1ec5 m\u1eb7c cho m\u1ecdi ho\u1ea1t \u0111\u1ed9ng.&quot;\" \/>\n<meta property=\"og:url\" content=\"https:\/\/heliosfashionstore.click\/?product=heliosfashionstore-com-ao-thun-helios-vit-den\" \/>\n<meta property=\"og:site_name\" content=\"Helios fashion store\" \/>\n<meta property=\"article:modified_time\" content=\"2025-11-23T13:44:06+00:00\" \/>\n<meta property=\"og:image\" content=\"https:\/\/heliosfashionstore.click\/wp-content\/uploads\/2025\/11\/image-28.png\" \/>\n\t<meta property=\"og:image:width\" content=\"660\" \/>\n\t<meta property=\"og:image:height\" content=\"640\" \/>\n\t<meta property=\"og:image:type\" content=\"image\/png\" \/>\n<meta name=\"twitter:card\" content=\"summary_large_image\" \/>\n<meta name=\"twitter:label1\" content=\"\u01af\u1edbc t\u00ednh th\u1eddi gian \u0111\u1ecdc\" \/>\n\t<meta name=\"twitter:data1\" content=\"1 ph\u00fat\" \/>\n<script type=\"application\/ld+json\" class=\"yoast-schema-graph\">{\"@context\":\"https:\/\/schema.org\",\"@graph\":[{\"@type\":\"WebPage\",\"@id\":\"https:\/\/heliosfashionstore.click\/?product=heliosfashionstore-com-ao-thun-helios-vit-den\",\"url\":\"https:\/\/heliosfashionstore.click\/?product=heliosfashionstore-com-ao-thun-helios-vit-den\",\"name\":\"\u00c1o Thun Helios Black Duck - Helios fashion store\",\"isPartOf\":{\"@id\":\"https:\/\/heliosfashionstore.click\/#website\"},\"primaryImageOfPage\":{\"@id\":\"https:\/\/heliosfashionstore.click\/?product=heliosfashionstore-com-ao-thun-helios-vit-den#primaryimage\"},\"image\":{\"@id\":\"https:\/\/heliosfashionstore.click\/?product=heliosfashionstore-com-ao-thun-helios-vit-den#primaryimage\"},\"thumbnailUrl\":\"https:\/\/heliosfashionstore.click\/wp-content\/uploads\/2025\/11\/image-28.png\",\"datePublished\":\"2025-11-17T08:01:08+00:00\",\"dateModified\":\"2025-11-23T13:44:06+00:00\",\"description\":\"\\\"\u00c1o thun Helios V\u1ecbt \u0110en phong c\u00e1ch n\u0103ng \u0111\u1ed9ng, thi\u1ebft k\u1ebf \u0111\u1ed9c quy\u1ec1n, v\u1ea3i tho\u00e1ng m\u00e1t v\u00e0 c\u1ef1c k\u1ef3 d\u1ec5 m\u1eb7c cho m\u1ecdi ho\u1ea1t \u0111\u1ed9ng.\\\"\",\"breadcrumb\":{\"@id\":\"https:\/\/heliosfashionstore.click\/?product=heliosfashionstore-com-ao-thun-helios-vit-den#breadcrumb\"},\"inLanguage\":\"vi\",\"potentialAction\":[{\"@type\":\"ReadAction\",\"target\":[\"https:\/\/heliosfashionstore.click\/?product=heliosfashionstore-com-ao-thun-helios-vit-den\"]}]},{\"@type\":\"ImageObject\",\"inLanguage\":\"vi\",\"@id\":\"https:\/\/heliosfashionstore.click\/?product=heliosfashionstore-com-ao-thun-helios-vit-den#primaryimage\",\"url\":\"https:\/\/heliosfashionstore.click\/wp-content\/uploads\/2025\/11\/image-28.png\",\"contentUrl\":\"https:\/\/heliosfashionstore.click\/wp-content\/uploads\/2025\/11\/image-28.png\",\"width\":660,\"height\":640},{\"@type\":\"BreadcrumbList\",\"@id\":\"https:\/\/heliosfashionstore.click\/?product=heliosfashionstore-com-ao-thun-helios-vit-den#breadcrumb\",\"itemListElement\":[{\"@type\":\"ListItem\",\"position\":1,\"name\":\"Trang ch\u1ee7\",\"item\":\"https:\/\/heliosfashionstore.click\/\"},{\"@type\":\"ListItem\",\"position\":2,\"name\":\"C\u1eeda h\u00e0ng\",\"item\":\"https:\/\/heliosfashionstore.click\/?page_id=8\"},{\"@type\":\"ListItem\",\"position\":3,\"name\":\"\u00c1o Thun Helios Black Duck\"}]},{\"@type\":\"WebSite\",\"@id\":\"https:\/\/heliosfashionstore.click\/#website\",\"url\":\"https:\/\/heliosfashionstore.click\/\",\"name\":\"Helios fashion store\",\"description\":\"\",\"publisher\":{\"@id\":\"https:\/\/heliosfashionstore.click\/#organization\"},\"potentialAction\":[{\"@type\":\"SearchAction\",\"target\":{\"@type\":\"EntryPoint\",\"urlTemplate\":\"https:\/\/heliosfashionstore.click\/?s={search_term_string}\"},\"query-input\":{\"@type\":\"PropertyValueSpecification\",\"valueRequired\":true,\"valueName\":\"search_term_string\"}}],\"inLanguage\":\"vi\"},{\"@type\":\"Organization\",\"@id\":\"https:\/\/heliosfashionstore.click\/#organization\",\"name\":\"Helios fashion store\",\"url\":\"https:\/\/heliosfashionstore.click\/\",\"logo\":{\"@type\":\"ImageObject\",\"inLanguage\":\"vi\",\"@id\":\"https:\/\/heliosfashionstore.click\/#\/schema\/logo\/image\/\",\"url\":\"https:\/\/heliosfashionstore.click\/wp-content\/uploads\/2025\/11\/Black-and-Grey-Fashion-Logo-2-edited-1.png\",\"contentUrl\":\"https:\/\/heliosfashionstore.click\/wp-content\/uploads\/2025\/11\/Black-and-Grey-Fashion-Logo-2-edited-1.png\",\"width\":424,\"height\":424,\"caption\":\"Helios fashion store\"},\"image\":{\"@id\":\"https:\/\/heliosfashionstore.click\/#\/schema\/logo\/image\/\"}}]}<\/script>\n<!-- \/ Yoast SEO plugin. -->","yoast_head_json":{"title":"\u00c1o Thun Helios Black Duck - Helios fashion store","description":"\"\u00c1o thun Helios V\u1ecbt \u0110en phong c\u00e1ch n\u0103ng \u0111\u1ed9ng, thi\u1ebft k\u1ebf \u0111\u1ed9c quy\u1ec1n, v\u1ea3i tho\u00e1ng m\u00e1t v\u00e0 c\u1ef1c k\u1ef3 d\u1ec5 m\u1eb7c cho m\u1ecdi ho\u1ea1t \u0111\u1ed9ng.\"","robots":{"index":"index","follow":"follow","max-snippet":"max-snippet:-1","max-image-preview":"max-image-preview:large","max-video-preview":"max-video-preview:-1"},"canonical":"https:\/\/heliosfashionstore.click\/?product=heliosfashionstore-com-ao-thun-helios-vit-den","og_locale":"vi_VN","og_type":"article","og_title":"\u00c1o Thun Helios Black Duck - Helios fashion store","og_description":"\"\u00c1o thun Helios V\u1ecbt \u0110en phong c\u00e1ch n\u0103ng \u0111\u1ed9ng, thi\u1ebft k\u1ebf \u0111\u1ed9c quy\u1ec1n, v\u1ea3i tho\u00e1ng m\u00e1t v\u00e0 c\u1ef1c k\u1ef3 d\u1ec5 m\u1eb7c cho m\u1ecdi ho\u1ea1t \u0111\u1ed9ng.\"","og_url":"https:\/\/heliosfashionstore.click\/?product=heliosfashionstore-com-ao-thun-helios-vit-den","og_site_name":"Helios fashion store","article_modified_time":"2025-11-23T13:44:06+00:00","og_image":[{"width":660,"height":640,"url":"https:\/\/heliosfashionstore.click\/wp-content\/uploads\/2025\/11\/image-28.png","type":"image\/png"}],"twitter_card":"summary_large_image","twitter_misc":{"\u01af\u1edbc t\u00ednh th\u1eddi gian \u0111\u1ecdc":"1 ph\u00fat"},"schema":{"@context":"https:\/\/schema.org","@graph":[{"@type":"WebPage","@id":"https:\/\/heliosfashionstore.click\/?product=heliosfashionstore-com-ao-thun-helios-vit-den","url":"https:\/\/heliosfashionstore.click\/?product=heliosfashionstore-com-ao-thun-helios-vit-den","name":"\u00c1o Thun Helios Black Duck - Helios fashion store","isPartOf":{"@id":"https:\/\/heliosfashionstore.click\/#website"},"primaryImageOfPage":{"@id":"https:\/\/heliosfashionstore.click\/?product=heliosfashionstore-com-ao-thun-helios-vit-den#primaryimage"},"image":{"@id":"https:\/\/heliosfashionstore.click\/?product=heliosfashionstore-com-ao-thun-helios-vit-den#primaryimage"},"thumbnailUrl":"https:\/\/heliosfashionstore.click\/wp-content\/uploads\/2025\/11\/image-28.png","datePublished":"2025-11-17T08:01:08+00:00","dateModified":"2025-11-23T13:44:06+00:00","description":"\"\u00c1o thun Helios V\u1ecbt \u0110en phong c\u00e1ch n\u0103ng \u0111\u1ed9ng, thi\u1ebft k\u1ebf \u0111\u1ed9c quy\u1ec1n, v\u1ea3i tho\u00e1ng m\u00e1t v\u00e0 c\u1ef1c k\u1ef3 d\u1ec5 m\u1eb7c cho m\u1ecdi ho\u1ea1t \u0111\u1ed9ng.\"","breadcrumb":{"@id":"https:\/\/heliosfashionstore.click\/?product=heliosfashionstore-com-ao-thun-helios-vit-den#breadcrumb"},"inLanguage":"vi","potentialAction":[{"@type":"ReadAction","target":["https:\/\/heliosfashionstore.click\/?product=heliosfashionstore-com-ao-thun-helios-vit-den"]}]},{"@type":"ImageObject","inLanguage":"vi","@id":"https:\/\/heliosfashionstore.click\/?product=heliosfashionstore-com-ao-thun-helios-vit-den#primaryimage","url":"https:\/\/heliosfashionstore.click\/wp-content\/uploads\/2025\/11\/image-28.png","contentUrl":"https:\/\/heliosfashionstore.click\/wp-content\/uploads\/2025\/11\/image-28.png","width":660,"height":640},{"@type":"BreadcrumbList","@id":"https:\/\/heliosfashionstore.click\/?product=heliosfashionstore-com-ao-thun-helios-vit-den#breadcrumb","itemListElement":[{"@type":"ListItem","position":1,"name":"Trang ch\u1ee7","item":"https:\/\/heliosfashionstore.click\/"},{"@type":"ListItem","position":2,"name":"C\u1eeda h\u00e0ng","item":"https:\/\/heliosfashionstore.click\/?page_id=8"},{"@type":"ListItem","position":3,"name":"\u00c1o Thun Helios Black Duck"}]},{"@type":"WebSite","@id":"https:\/\/heliosfashionstore.click\/#website","url":"https:\/\/heliosfashionstore.click\/","name":"Helios fashion store","description":"","publisher":{"@id":"https:\/\/heliosfashionstore.click\/#organization"},"potentialAction":[{"@type":"SearchAction","target":{"@type":"EntryPoint","urlTemplate":"https:\/\/heliosfashionstore.click\/?s={search_term_string}"},"query-input":{"@type":"PropertyValueSpecification","valueRequired":true,"valueName":"search_term_string"}}],"inLanguage":"vi"},{"@type":"Organization","@id":"https:\/\/heliosfashionstore.click\/#organization","name":"Helios fashion store","url":"https:\/\/heliosfashionstore.click\/","logo":{"@type":"ImageObject","inLanguage":"vi","@id":"https:\/\/heliosfashionstore.click\/#\/schema\/logo\/image\/","url":"https:\/\/heliosfashionstore.click\/wp-content\/uploads\/2025\/11\/Black-and-Grey-Fashion-Logo-2-edited-1.png","contentUrl":"https:\/\/heliosfashionstore.click\/wp-content\/uploads\/2025\/11\/Black-and-Grey-Fashion-Logo-2-edited-1.png","width":424,"height":424,"caption":"Helios fashion store"},"image":{"@id":"https:\/\/heliosfashionstore.click\/#\/schema\/logo\/image\/"}}]}},"jetpack_sharing_enabled":true,"jetpack-related-posts":[{"id":154,"url":"https:\/\/heliosfashionstore.click\/?product=heliosfashionstore-com-ao-thun-helios-vit-trang","url_meta":{"origin":146,"position":0},"title":"\u00c1o Thun Helios White Duck","author":"jayizde77","date":"Th\u00e1ng m\u01b0\u1eddi m\u1ed9t 17, 2025","format":false,"excerpt":"Ch\u1ea5t li\u1ec7u cotton, co gi\u00e3n 4 chi\u1ec1u gi\u00fap ng\u01b0\u1eddi m\u1eb7c lu\u00f4n tho\u1ea3i m\u00e1i v\u00e0 tho\u00e1ng m\u00e1t. H\u00ecnh in v\u1ecbt \u0111\u00e1ng y\u00eau mang \u0111\u1eadm phong c\u00e1ch tr\u1ebb trung, d\u1ec5 th\u01b0\u01a1ng. Thi\u1ebft k\u1ebf unisex ph\u00f9 h\u1ee3p cho c\u1ea3 nam v\u00e0 n\u1eef, d\u1ec5 ph\u1ed1i c\u00f9ng qu\u1ea7n jean ho\u1eb7c ch\u00e2n v\u00e1y. Th\u00edch h\u1ee3p m\u1eb7c\u2026","rel":"","context":"B\u00e0i t\u01b0\u01a1ng t\u1ef1","block_context":{"text":"B\u00e0i t\u01b0\u01a1ng t\u1ef1","link":""},"img":{"alt_text":"","src":"https:\/\/i0.wp.com\/heliosfashionstore.click\/wp-content\/uploads\/2025\/11\/Capture-3.png?resize=350%2C200&ssl=1","width":350,"height":200,"srcset":"https:\/\/i0.wp.com\/heliosfashionstore.click\/wp-content\/uploads\/2025\/11\/Capture-3.png?resize=350%2C200&ssl=1 1x, https:\/\/i0.wp.com\/heliosfashionstore.click\/wp-content\/uploads\/2025\/11\/Capture-3.png?resize=525%2C300&ssl=1 1.5x"},"classes":[]},{"id":170,"url":"https:\/\/heliosfashionstore.click\/?product=hoodie-helios-trang-hoa-tiet-vit-cam-gay","url_meta":{"origin":146,"position":1},"title":"Hoodie Helios tr\u1eafng h\u1ecda ti\u1ebft  v\u1ecbt c\u1ea7m g\u1eady","author":"jayizde77","date":"Th\u00e1ng m\u01b0\u1eddi m\u1ed9t 21, 2025","format":false,"excerpt":"m\u1eabu \u00e1o unisex \u0111\u01b0\u1ee3c thi\u1ebft k\u1ebf theo phong c\u00e1ch tr\u1ebb trung v\u00e0 h\u00e0i h\u01b0\u1edbc, ph\u00f9 h\u1ee3p v\u1edbi nh\u1eefng b\u1ea1n th\u00edch s\u1ef1 tho\u1ea3i m\u00e1i nh\u01b0ng v\u1eabn mu\u1ed1n t\u1ea1o \u0111i\u1ec3m nh\u1ea5n c\u00e1 t\u00ednh. M\u1eb7t tr\u01b0\u1edbc \u00e1o in logo Helios Fashion Store v\u1edbi h\u00ecnh m\u00f3c treo t\u1ed1i gi\u1ea3n, t\u1ea1o c\u1ea3m gi\u00e1c hi\u1ec7n \u0111\u1ea1i\u2026","rel":"","context":"B\u00e0i t\u01b0\u01a1ng t\u1ef1","block_context":{"text":"B\u00e0i t\u01b0\u01a1ng t\u1ef1","link":""},"img":{"alt_text":"","src":"https:\/\/i0.wp.com\/heliosfashionstore.click\/wp-content\/uploads\/2025\/11\/Capture.png?resize=350%2C200&ssl=1","width":350,"height":200,"srcset":"https:\/\/i0.wp.com\/heliosfashionstore.click\/wp-content\/uploads\/2025\/11\/Capture.png?resize=350%2C200&ssl=1 1x, https:\/\/i0.wp.com\/heliosfashionstore.click\/wp-content\/uploads\/2025\/11\/Capture.png?resize=525%2C300&ssl=1 1.5x, https:\/\/i0.wp.com\/heliosfashionstore.click\/wp-content\/uploads\/2025\/11\/Capture.png?resize=700%2C400&ssl=1 2x"},"classes":[]},{"id":155,"url":"https:\/\/heliosfashionstore.click\/?product=ao-thun-helios-marine-life","url_meta":{"origin":146,"position":2},"title":"\u00c1o thun Helios Marine Life","author":"jayizde77","date":"Th\u00e1ng m\u01b0\u1eddi m\u1ed9t 17, 2025","format":false,"excerpt":"\u00c1o tr\u1eafng tinh gi\u1ea3n d\u1ec5 ph\u1ed1i \u0111\u1ed3, mang tinh th\u1ea7n tr\u1ebb trung v\u00e0 n\u0103ng \u0111\u1ed9ng. V\u1ea3i thun l\u1ea1nh m\u1ec1m m\u1ecbn, co gi\u00e3n nh\u1eb9, t\u1ea1o c\u1ea3m gi\u00e1c tho\u1ea3i m\u00e1i c\u1ea3 ng\u00e0y. H\u1ecda ti\u1ebft in b\u1ec1n m\u00e0u, kh\u00f4ng bong tr\u00f3c sau nhi\u1ec1u l\u1ea7n gi\u1eb7t. L\u00fd t\u01b0\u1edfng cho c\u00e1c b\u1ea1n h\u1ecdc sinh \u2013\u2026","rel":"","context":"B\u00e0i t\u01b0\u01a1ng t\u1ef1","block_context":{"text":"B\u00e0i t\u01b0\u01a1ng t\u1ef1","link":""},"img":{"alt_text":"","src":"https:\/\/i0.wp.com\/heliosfashionstore.click\/wp-content\/uploads\/2025\/11\/image-29.png?resize=350%2C200&ssl=1","width":350,"height":200,"srcset":"https:\/\/i0.wp.com\/heliosfashionstore.click\/wp-content\/uploads\/2025\/11\/image-29.png?resize=350%2C200&ssl=1 1x, https:\/\/i0.wp.com\/heliosfashionstore.click\/wp-content\/uploads\/2025\/11\/image-29.png?resize=525%2C300&ssl=1 1.5x"},"classes":[]},{"id":208,"url":"https:\/\/heliosfashionstore.click\/?product=heliosfashionstore-com-ao-thun-helios-halloween","url_meta":{"origin":146,"position":3},"title":"\u00c1o thun Helios Halloween","author":"jayizde77","date":"Th\u00e1ng m\u01b0\u1eddi m\u1ed9t 24, 2025","format":false,"excerpt":"\u00c1o tr\u1eafng tinh gi\u1ea3n d\u1ec5 ph\u1ed1i \u0111\u1ed3, mang tinh th\u1ea7n tr\u1ebb trung v\u00e0 n\u0103ng \u0111\u1ed9ng. V\u1ea3i thun l\u1ea1nh m\u1ec1m m\u1ecbn, co gi\u00e3n nh\u1eb9, t\u1ea1o c\u1ea3m gi\u00e1c tho\u1ea3i m\u00e1i c\u1ea3 ng\u00e0y. H\u1ecda ti\u1ebft in b\u1ec1n m\u00e0u, kh\u00f4ng bong tr\u00f3c sau nhi\u1ec1u l\u1ea7n gi\u1eb7t. L\u00fd t\u01b0\u1edfng cho c\u00e1c b\u1ea1n h\u1ecdc sinh \u2013\u2026","rel":"","context":"B\u00e0i t\u01b0\u01a1ng t\u1ef1","block_context":{"text":"B\u00e0i t\u01b0\u01a1ng t\u1ef1","link":""},"img":{"alt_text":"","src":"https:\/\/i0.wp.com\/heliosfashionstore.click\/wp-content\/uploads\/2025\/11\/image-40.png?resize=350%2C200&ssl=1","width":350,"height":200},"classes":[]},{"id":211,"url":"https:\/\/heliosfashionstore.click\/?product=heliosfashionstore-com-ao-hoodie-helios-non-la","url_meta":{"origin":146,"position":4},"title":"Hoodie Helios N\u00f3n L\u00e1","author":"jayizde77","date":"Th\u00e1ng m\u01b0\u1eddi m\u1ed9t 24, 2025","format":false,"excerpt":"M\u1eabu hoodie \u0111\u1eb7c bi\u1ec7t mang tinh th\u1ea7n t\u1ef1 h\u00e0o d\u00e2n t\u1ed9c, ph\u1ed1i h\u1ecda ti\u1ebft c\u1edd \u0111\u1ecf sao v\u00e0ng c\u00f9ng n\u00f3n l\u00e1 Vi\u1ec7t Nam \u0111\u1ed9c \u0111\u00e1o. Ch\u1ea5t li\u1ec7u n\u1ec9 b\u00f4ng d\u00e0y d\u1eb7n, m\u1ec1m m\u1ecbn, gi\u1eef \u1ea5m t\u1ed1t v\u00e0 kh\u00f4ng x\u00f9 l\u00f4ng. Form r\u1ed9ng hi\u1ec7n \u0111\u1ea1i, th\u00edch h\u1ee3p cho c\u1ea3 nam v\u00e0\u2026","rel":"","context":"B\u00e0i t\u01b0\u01a1ng t\u1ef1","block_context":{"text":"B\u00e0i t\u01b0\u01a1ng t\u1ef1","link":""},"img":{"alt_text":"","src":"https:\/\/i0.wp.com\/heliosfashionstore.click\/wp-content\/uploads\/2025\/11\/image-42.png?resize=350%2C200&ssl=1","width":350,"height":200,"srcset":"https:\/\/i0.wp.com\/heliosfashionstore.click\/wp-content\/uploads\/2025\/11\/image-42.png?resize=350%2C200&ssl=1 1x, https:\/\/i0.wp.com\/heliosfashionstore.click\/wp-content\/uploads\/2025\/11\/image-42.png?resize=525%2C300&ssl=1 1.5x, https:\/\/i0.wp.com\/heliosfashionstore.click\/wp-content\/uploads\/2025\/11\/image-42.png?resize=700%2C400&ssl=1 2x"},"classes":[]},{"id":210,"url":"https:\/\/heliosfashionstore.click\/?product=heliosfashionstore-com-ao-hoodie-helios-xanh-navy","url_meta":{"origin":146,"position":5},"title":"Hoodie Helios Xanh Navy","author":"jayizde77","date":"Th\u00e1ng m\u01b0\u1eddi m\u1ed9t 24, 2025","format":false,"excerpt":"M\u00e0u xanh navy th\u1eddi th\u01b0\u1ee3ng k\u1ebft h\u1ee3p logo Helios t\u1ea1o n\u00ean v\u1ebb ngo\u00e0i sang tr\u1ecdng, tinh t\u1ebf. N\u1ec9 cotton cao c\u1ea5p d\u00e0y d\u1eb7n, gi\u1eef nhi\u1ec7t hi\u1ec7u qu\u1ea3 nh\u01b0ng v\u1eabn tho\u00e1ng kh\u00ed. D\u00e2y r\u00fat c\u1ed5 \u0111i\u1ec3n, bo tay v\u00e0 bo g\u1ea5u ch\u1eafc ch\u1eafn. D\u1ec5 ph\u1ed1i v\u1edbi qu\u1ea7n jean ho\u1eb7c kaki cho\u2026","rel":"","context":"B\u00e0i t\u01b0\u01a1ng t\u1ef1","block_context":{"text":"B\u00e0i t\u01b0\u01a1ng t\u1ef1","link":""},"img":{"alt_text":"","src":"https:\/\/i0.wp.com\/heliosfashionstore.click\/wp-content\/uploads\/2025\/11\/image-34.png?resize=350%2C200&ssl=1","width":350,"height":200,"srcset":"https:\/\/i0.wp.com\/heliosfashionstore.click\/wp-content\/uploads\/2025\/11\/image-34.png?resize=350%2C200&ssl=1 1x, https:\/\/i0.wp.com\/heliosfashionstore.click\/wp-content\/uploads\/2025\/11\/image-34.png?resize=525%2C300&ssl=1 1.5x"},"classes":[]}],"_links":{"self":[{"href":"https:\/\/heliosfashionstore.click\/index.php?rest_route=\/wp\/v2\/product\/146","targetHints":{"allow":["GET"]}}],"collection":[{"href":"https:\/\/heliosfashionstore.click\/index.php?rest_route=\/wp\/v2\/product"}],"about":[{"href":"https:\/\/heliosfashionstore.click\/index.php?rest_route=\/wp\/v2\/types\/product"}],"replies":[{"embeddable":true,"href":"https:\/\/heliosfashionstore.click\/index.php?rest_route=%2Fwp%2Fv2%2Fcomments&post=146"}],"wp:featuredmedia":[{"embeddable":true,"href":"https:\/\/heliosfashionstore.click\/index.php?rest_route=\/wp\/v2\/media\/128"}],"wp:attachment":[{"href":"https:\/\/heliosfashionstore.click\/index.php?rest_route=%2Fwp%2Fv2%2Fmedia&parent=146"}],"wp:term":[{"taxonomy":"product_brand","embeddable":true,"href":"https:\/\/heliosfashionstore.click\/index.php?rest_route=%2Fwp%2Fv2%2Fproduct_brand&post=146"},{"taxonomy":"product_cat","embeddable":true,"href":"https:\/\/heliosfashionstore.click\/index.php?rest_route=%2Fwp%2Fv2%2Fproduct_cat&post=146"},{"taxonomy":"product_tag","embeddable":true,"href":"https:\/\/heliosfashionstore.click\/index.php?rest_route=%2Fwp%2Fv2%2Fproduct_tag&post=146"}],"curies":[{"name":"wp","href":"https:\/\/api.w.org\/{rel}","templated":true}]}}